

{"id":26863,"date":"2023-02-01T13:19:17","date_gmt":"2023-02-01T13:19:17","guid":{"rendered":"https:\/\/backspace-escaperooms.nl\/?page_id=26863"},"modified":"2025-11-08T17:34:04","modified_gmt":"2025-11-08T17:34:04","slug":"film-murder-on-the-orient-express","status":"publish","type":"page","link":"https:\/\/backspace-escaperooms.nl\/en\/film-murder-on-the-orient-express\/","title":{"rendered":"Film Murder on the Orient Express"},"content":{"rendered":"<div data-elementor-type=\"wp-page\" data-elementor-id=\"26863\" class=\"elementor elementor-26863\" data-elementor-post-type=\"page\">\n\t\t\t\t<div class=\"elementor-element elementor-element-0e60a30 e-flex e-con-boxed e-con e-parent\" data-id=\"0e60a30\" data-element_type=\"container\" data-e-type=\"container\">\n\t\t\t\t\t<div class=\"e-con-inner\">\n\t\t<div class=\"elementor-element elementor-element-cc30ef2 e-con-full e-flex e-con e-child\" data-id=\"cc30ef2\" data-element_type=\"container\" data-e-type=\"container\">\n\t\t\t\t<div class=\"elementor-element elementor-element-988d30b elementor-widget elementor-widget-text-editor\" data-id=\"988d30b\" data-element_type=\"widget\" data-e-type=\"widget\" data-widget_type=\"text-editor.default\">\n\t\t\t\t<div class=\"elementor-widget-container\">\n\t\t\t\t\t\t\t\t\t<p>Film Murder on the Orient Express<\/p><p>On 9 November, the film Murder on the Orient Express will premiere. It is the fourth film adaptation of Agatha Christie's book. The story of the film Murder on the Orient Express is as follows:<\/p><p>Detective Hercule Poirot takes a trip on the Orient Express. On the train, he is accosted by a fellow passenger, Samuel Ratchett. Ratchett fears that someone wants to kill him and asks Poirot for help. Poirot does not find the story credible and does not help Ratchett. The next morning, Ratchett is found dead on the Orient Express. Poirot sets out to find the murderer. No one is allowed to leave the train as every passenger is a suspect.<\/p><p>Curious about the trailer for the film Murder on the Orient Express? Watch it here:<\/p><p>(trailer)<\/p><p>\u00a0<\/p>\t\t\t\t\t\t\t\t<\/div>\n\t\t\t\t<\/div>\n\t\t\t\t<\/div>\n\t\t\t\t\t<\/div>\n\t\t\t\t<\/div>\n\t\t\t\t<\/div>","protected":false},"excerpt":{"rendered":"<p>Film Murder on the Ori\u00ebnt Express Op 9 november gaat de film Murder on the Ori\u00ebnt Express in premi\u00e8re. Het is de vierde verfilming van het boek van Agatha Christie. Het verhaal van de film Murder on the Ori\u00ebnt Express is als volgt: Detective Hercule Poirot maakt een reis met de Ori\u00ebnt Express. In de [&hellip;]<\/p>\n","protected":false},"author":1,"featured_media":0,"parent":0,"menu_order":0,"comment_status":"closed","ping_status":"closed","template":"","meta":{"_acf_changed":false,"footnotes":""},"class_list":["post-26863","page","type-page","status-publish","hentry"],"blocksy_meta":[],"acf":[],"yoast_head":"<!-- This site is optimized with the Yoast SEO plugin v27.2 - https:\/\/yoast.com\/product\/yoast-seo-wordpress\/ -->\n<title>Film Murder on the Orient Express - Backspace<\/title>\n<meta name=\"robots\" content=\"index, follow, max-snippet:-1, max-image-preview:large, max-video-preview:-1\" \/>\n<link rel=\"canonical\" href=\"https:\/\/backspace-escaperooms.nl\/en\/film-murder-on-the-orient-express\/\" \/>\n<meta property=\"og:locale\" content=\"en_GB\" \/>\n<meta property=\"og:type\" content=\"article\" \/>\n<meta property=\"og:title\" content=\"Film Murder on the Orient Express - Backspace\" \/>\n<meta property=\"og:description\" content=\"Film Murder on the Ori\u00ebnt Express Op 9 november gaat de film Murder on the Ori\u00ebnt Express in premi\u00e8re. Het is de vierde verfilming van het boek van Agatha Christie. Het verhaal van de film Murder on the Ori\u00ebnt Express is als volgt: Detective Hercule Poirot maakt een reis met de Ori\u00ebnt Express. In de [&hellip;]\" \/>\n<meta property=\"og:url\" content=\"https:\/\/backspace-escaperooms.nl\/en\/film-murder-on-the-orient-express\/\" \/>\n<meta property=\"og:site_name\" content=\"Backspace\" \/>\n<meta property=\"article:publisher\" content=\"https:\/\/www.facebook.com\/BackspaceEscapeRooms\" \/>\n<meta property=\"article:modified_time\" content=\"2025-11-08T17:34:04+00:00\" \/>\n<meta name=\"twitter:card\" content=\"summary_large_image\" \/>\n<meta name=\"twitter:label1\" content=\"Estimated reading time\" \/>\n\t<meta name=\"twitter:data1\" content=\"1 minute\" \/>\n<script type=\"application\/ld+json\" class=\"yoast-schema-graph\">{\"@context\":\"https:\/\/schema.org\",\"@graph\":[{\"@type\":\"WebPage\",\"@id\":\"https:\/\/backspace-escaperooms.nl\/film-murder-on-the-orient-express\/\",\"url\":\"https:\/\/backspace-escaperooms.nl\/film-murder-on-the-orient-express\/\",\"name\":\"Film Murder on the Orient Express - Backspace\",\"isPartOf\":{\"@id\":\"https:\/\/backspace-escaperooms.nl\/#website\"},\"datePublished\":\"2023-02-01T13:19:17+00:00\",\"dateModified\":\"2025-11-08T17:34:04+00:00\",\"breadcrumb\":{\"@id\":\"https:\/\/backspace-escaperooms.nl\/film-murder-on-the-orient-express\/#breadcrumb\"},\"inLanguage\":\"en-GB\",\"potentialAction\":[{\"@type\":\"ReadAction\",\"target\":[\"https:\/\/backspace-escaperooms.nl\/film-murder-on-the-orient-express\/\"]}]},{\"@type\":\"BreadcrumbList\",\"@id\":\"https:\/\/backspace-escaperooms.nl\/film-murder-on-the-orient-express\/#breadcrumb\",\"itemListElement\":[{\"@type\":\"ListItem\",\"position\":1,\"name\":\"Home\",\"item\":\"https:\/\/backspace-escaperooms.nl\/\"},{\"@type\":\"ListItem\",\"position\":2,\"name\":\"Film Murder on the Orient Express\"}]},{\"@type\":\"WebSite\",\"@id\":\"https:\/\/backspace-escaperooms.nl\/#website\",\"url\":\"https:\/\/backspace-escaperooms.nl\/\",\"name\":\"Backspace Escape Rooms\",\"description\":\"De leukste Escape Rooms van Amsterdam\",\"publisher\":{\"@id\":\"https:\/\/backspace-escaperooms.nl\/#organization\"},\"potentialAction\":[{\"@type\":\"SearchAction\",\"target\":{\"@type\":\"EntryPoint\",\"urlTemplate\":\"https:\/\/backspace-escaperooms.nl\/?s={search_term_string}\"},\"query-input\":{\"@type\":\"PropertyValueSpecification\",\"valueRequired\":true,\"valueName\":\"search_term_string\"}}],\"inLanguage\":\"en-GB\"},{\"@type\":\"Organization\",\"@id\":\"https:\/\/backspace-escaperooms.nl\/#organization\",\"name\":\"Backspace Escape Rooms\",\"url\":\"https:\/\/backspace-escaperooms.nl\/\",\"logo\":{\"@type\":\"ImageObject\",\"inLanguage\":\"en-GB\",\"@id\":\"https:\/\/backspace-escaperooms.nl\/#\/schema\/logo\/image\/\",\"url\":\"https:\/\/backspace-escaperooms.nl\/wp-content\/uploads\/2023\/02\/Logo_Backspace_zwart.png\",\"contentUrl\":\"https:\/\/backspace-escaperooms.nl\/wp-content\/uploads\/2023\/02\/Logo_Backspace_zwart.png\",\"width\":725,\"height\":159,\"caption\":\"Backspace Escape Rooms\"},\"image\":{\"@id\":\"https:\/\/backspace-escaperooms.nl\/#\/schema\/logo\/image\/\"},\"sameAs\":[\"https:\/\/www.facebook.com\/BackspaceEscapeRooms\",\"https:\/\/www.instagram.com\/backspace_escape_rooms\/\"]}]}<\/script>\n<!-- \/ Yoast SEO plugin. -->","yoast_head_json":{"title":"Film Murder on the Orient Express - Backspace","robots":{"index":"index","follow":"follow","max-snippet":"max-snippet:-1","max-image-preview":"max-image-preview:large","max-video-preview":"max-video-preview:-1"},"canonical":"https:\/\/backspace-escaperooms.nl\/en\/film-murder-on-the-orient-express\/","og_locale":"en_GB","og_type":"article","og_title":"Film Murder on the Orient Express - Backspace","og_description":"Film Murder on the Ori\u00ebnt Express Op 9 november gaat de film Murder on the Ori\u00ebnt Express in premi\u00e8re. Het is de vierde verfilming van het boek van Agatha Christie. Het verhaal van de film Murder on the Ori\u00ebnt Express is als volgt: Detective Hercule Poirot maakt een reis met de Ori\u00ebnt Express. In de [&hellip;]","og_url":"https:\/\/backspace-escaperooms.nl\/en\/film-murder-on-the-orient-express\/","og_site_name":"Backspace","article_publisher":"https:\/\/www.facebook.com\/BackspaceEscapeRooms","article_modified_time":"2025-11-08T17:34:04+00:00","twitter_card":"summary_large_image","twitter_misc":{"Estimated reading time":"1 minute"},"schema":{"@context":"https:\/\/schema.org","@graph":[{"@type":"WebPage","@id":"https:\/\/backspace-escaperooms.nl\/film-murder-on-the-orient-express\/","url":"https:\/\/backspace-escaperooms.nl\/film-murder-on-the-orient-express\/","name":"Film Murder on the Orient Express - Backspace","isPartOf":{"@id":"https:\/\/backspace-escaperooms.nl\/#website"},"datePublished":"2023-02-01T13:19:17+00:00","dateModified":"2025-11-08T17:34:04+00:00","breadcrumb":{"@id":"https:\/\/backspace-escaperooms.nl\/film-murder-on-the-orient-express\/#breadcrumb"},"inLanguage":"en-GB","potentialAction":[{"@type":"ReadAction","target":["https:\/\/backspace-escaperooms.nl\/film-murder-on-the-orient-express\/"]}]},{"@type":"BreadcrumbList","@id":"https:\/\/backspace-escaperooms.nl\/film-murder-on-the-orient-express\/#breadcrumb","itemListElement":[{"@type":"ListItem","position":1,"name":"Home","item":"https:\/\/backspace-escaperooms.nl\/"},{"@type":"ListItem","position":2,"name":"Film Murder on the Orient Express"}]},{"@type":"WebSite","@id":"https:\/\/backspace-escaperooms.nl\/#website","url":"https:\/\/backspace-escaperooms.nl\/","name":"Backspace Escape Rooms","description":"The best Escape Rooms in Amsterdam","publisher":{"@id":"https:\/\/backspace-escaperooms.nl\/#organization"},"potentialAction":[{"@type":"SearchAction","target":{"@type":"EntryPoint","urlTemplate":"https:\/\/backspace-escaperooms.nl\/?s={search_term_string}"},"query-input":{"@type":"PropertyValueSpecification","valueRequired":true,"valueName":"search_term_string"}}],"inLanguage":"en-GB"},{"@type":"Organization","@id":"https:\/\/backspace-escaperooms.nl\/#organization","name":"Backspace Escape Rooms","url":"https:\/\/backspace-escaperooms.nl\/","logo":{"@type":"ImageObject","inLanguage":"en-GB","@id":"https:\/\/backspace-escaperooms.nl\/#\/schema\/logo\/image\/","url":"https:\/\/backspace-escaperooms.nl\/wp-content\/uploads\/2023\/02\/Logo_Backspace_zwart.png","contentUrl":"https:\/\/backspace-escaperooms.nl\/wp-content\/uploads\/2023\/02\/Logo_Backspace_zwart.png","width":725,"height":159,"caption":"Backspace Escape Rooms"},"image":{"@id":"https:\/\/backspace-escaperooms.nl\/#\/schema\/logo\/image\/"},"sameAs":["https:\/\/www.facebook.com\/BackspaceEscapeRooms","https:\/\/www.instagram.com\/backspace_escape_rooms\/"]}]}},"_links":{"self":[{"href":"https:\/\/backspace-escaperooms.nl\/en\/wp-json\/wp\/v2\/pages\/26863","targetHints":{"allow":["GET"]}}],"collection":[{"href":"https:\/\/backspace-escaperooms.nl\/en\/wp-json\/wp\/v2\/pages"}],"about":[{"href":"https:\/\/backspace-escaperooms.nl\/en\/wp-json\/wp\/v2\/types\/page"}],"author":[{"embeddable":true,"href":"https:\/\/backspace-escaperooms.nl\/en\/wp-json\/wp\/v2\/users\/1"}],"replies":[{"embeddable":true,"href":"https:\/\/backspace-escaperooms.nl\/en\/wp-json\/wp\/v2\/comments?post=26863"}],"version-history":[{"count":11,"href":"https:\/\/backspace-escaperooms.nl\/en\/wp-json\/wp\/v2\/pages\/26863\/revisions"}],"predecessor-version":[{"id":28816,"href":"https:\/\/backspace-escaperooms.nl\/en\/wp-json\/wp\/v2\/pages\/26863\/revisions\/28816"}],"wp:attachment":[{"href":"https:\/\/backspace-escaperooms.nl\/en\/wp-json\/wp\/v2\/media?parent=26863"}],"curies":[{"name":"wp","href":"https:\/\/api.w.org\/{rel}","templated":true}]}}